{"id":1178,"date":"2024-09-19T16:59:24","date_gmt":"2024-09-19T21:59:24","guid":{"rendered":"http:\/\/publicacionespastorales.com.ec\/?page_id=1178"},"modified":"2026-03-26T08:13:39","modified_gmt":"2026-03-26T13:13:39","slug":"catalogo-2","status":"publish","type":"page","link":"https:\/\/publicacionespastorales.com.ec\/?page_id=1178","title":{"rendered":"Catalogo"},"content":{"rendered":"\t\t<div data-elementor-type=\"wp-page\" data-elementor-id=\"1178\" class=\"elementor elementor-1178\" data-elementor-post-type=\"page\">\n\t\t\t\t<div class=\"elementor-element elementor-element-f08a0c4 e-con-full e-flex wpr-particle-no wpr-jarallax-no wpr-parallax-no wpr-sticky-section-no wpr-equal-height-no e-con e-parent\" data-id=\"f08a0c4\" data-element_type=\"container\" data-e-type=\"container\">\n\t\t<div class=\"elementor-element elementor-element-4999275 e-con-full e-flex wpr-particle-no wpr-jarallax-no wpr-parallax-no wpr-sticky-section-no wpr-equal-height-no e-con e-child\" data-id=\"4999275\" data-element_type=\"container\" data-e-type=\"container\" data-settings=\"{&quot;background_background&quot;:&quot;classic&quot;}\">\n\t\t\t\t<div class=\"elementor-element elementor-element-1bb8134 elementor-widget__width-initial elementor-widget-mobile__width-initial elementor-widget elementor-widget-heading\" data-id=\"1bb8134\" data-element_type=\"widget\" data-e-type=\"widget\" data-widget_type=\"heading.default\">\n\t\t\t\t\t<h2 class=\"elementor-heading-title elementor-size-default\">Nuestro Cat\u00e1logo<\/h2>\t\t\t\t<\/div>\n\t\t\t\t<\/div>\n\t\t\t\t<\/div>\n\t\t<div class=\"elementor-element elementor-element-0068662 e-flex e-con-boxed wpr-particle-no wpr-jarallax-no wpr-parallax-no wpr-sticky-section-no wpr-equal-height-no e-con e-parent\" data-id=\"0068662\" data-element_type=\"container\" data-e-type=\"container\">\n\t\t\t\t\t<div class=\"e-con-inner\">\n\t\t\t\t<div class=\"elementor-element elementor-element-6ff5c4e elementor-widget elementor-widget-heading\" data-id=\"6ff5c4e\" data-element_type=\"widget\" data-e-type=\"widget\" data-widget_type=\"heading.default\">\n\t\t\t\t\t<h2 class=\"elementor-heading-title elementor-size-default\">Descubre nuestros libros<\/h2>\t\t\t\t<\/div>\n\t\t\t\t<div class=\"elementor-element elementor-element-435e5dc elementor-widget elementor-widget-text-editor\" data-id=\"435e5dc\" data-element_type=\"widget\" data-e-type=\"widget\" data-widget_type=\"text-editor.default\">\n\t\t\t\t\t\t\t\t\t<p>Nuestras publicaciones responden al carisma salesiano, buscamos trabajar en l\u00edneas educativo-pastorales direccionadas a la creaci\u00f3n de \u00abbuenos libros\u00bb, contribuyendo as\u00ed al anuncio del Evangelio, desde la experiencia y el buen hacer profesional de nuestro equipo editorial.<\/p>\t\t\t\t\t\t\t\t<\/div>\n\t\t\t\t\t<\/div>\n\t\t\t\t<\/div>\n\t\t<div class=\"elementor-element elementor-element-30290b9 e-flex e-con-boxed wpr-particle-no wpr-jarallax-no wpr-parallax-no wpr-sticky-section-no wpr-equal-height-no e-con e-parent\" data-id=\"30290b9\" data-element_type=\"container\" data-e-type=\"container\">\n\t\t\t\t\t<div class=\"e-con-inner\">\n\t\t\t\t<div class=\"elementor-element elementor-element-48e8fc7 elementor-widget-divider--view-line elementor-widget elementor-widget-divider\" data-id=\"48e8fc7\" data-element_type=\"widget\" data-e-type=\"widget\" data-widget_type=\"divider.default\">\n\t\t\t\t\t\t\t<div class=\"elementor-divider\">\n\t\t\t<span class=\"elementor-divider-separator\">\n\t\t\t\t\t\t<\/span>\n\t\t<\/div>\n\t\t\t\t\t\t<\/div>\n\t\t\t\t<div class=\"elementor-element elementor-element-5055e5d elementor-grid-mobile-1 elementor-product-loop-item--align-center elementor-grid-4 elementor-grid-tablet-3 elementor-products-grid elementor-wc-products elementor-widget elementor-widget-wc-categories\" data-id=\"5055e5d\" data-element_type=\"widget\" data-e-type=\"widget\" data-widget_type=\"wc-categories.default\">\n\t\t\t\t\t<div class=\"woocommerce columns-4\"><ul class=\"products elementor-grid columns-4\">\n<li class=\"product-category product first\">\n\t<a aria-label=\"Visitar la categor\u00eda de producto Tiempos Lit\u00fargicos\" href=\"https:\/\/publicacionespastorales.com.ec\/?product_cat=tiempos-liturgicos\"><img decoding=\"async\" src=\"https:\/\/publicacionespastorales.com.ec\/wp-content\/uploads\/2025\/07\/3.1-300x300.png\" alt=\"Tiempos Lit\u00fargicos\" width=\"300\" height=\"\" srcset=\"https:\/\/publicacionespastorales.com.ec\/wp-content\/uploads\/2025\/07\/3.1-300x300.png 300w, https:\/\/publicacionespastorales.com.ec\/wp-content\/uploads\/2025\/07\/3.1-150x150.png 150w, https:\/\/publicacionespastorales.com.ec\/wp-content\/uploads\/2025\/07\/3.1-100x100.png 100w, https:\/\/publicacionespastorales.com.ec\/wp-content\/uploads\/2025\/07\/3.1.png 450w\" sizes=\"(max-width: 300px) 100vw, 300px\" \/>\t\t<h2 class=\"woocommerce-loop-category__title\">\n\t\t\tTiempos Lit\u00fargicos<mark class=\"count\">15 productos<\/mark>\t\t<\/h2>\n\t\t<\/a><\/li>\n<li class=\"product-category product\">\n\t<a aria-label=\"Visitar la categor\u00eda de producto Salesianidad\" href=\"https:\/\/publicacionespastorales.com.ec\/?product_cat=salesianidad\"><img decoding=\"async\" src=\"https:\/\/publicacionespastorales.com.ec\/wp-content\/uploads\/2025\/07\/1.1-300x300.png\" alt=\"Salesianidad\" width=\"300\" height=\"\" srcset=\"https:\/\/publicacionespastorales.com.ec\/wp-content\/uploads\/2025\/07\/1.1-300x300.png 300w, https:\/\/publicacionespastorales.com.ec\/wp-content\/uploads\/2025\/07\/1.1-150x150.png 150w, https:\/\/publicacionespastorales.com.ec\/wp-content\/uploads\/2025\/07\/1.1-100x100.png 100w, https:\/\/publicacionespastorales.com.ec\/wp-content\/uploads\/2025\/07\/1.1.png 450w\" sizes=\"(max-width: 300px) 100vw, 300px\" \/>\t\t<h2 class=\"woocommerce-loop-category__title\">\n\t\t\tSalesianidad<mark class=\"count\">6 productos<\/mark>\t\t<\/h2>\n\t\t<\/a><\/li>\n<li class=\"product-category product\">\n\t<a aria-label=\"Visitar la categor\u00eda de producto Publicaciones marianas\" href=\"https:\/\/publicacionespastorales.com.ec\/?product_cat=publicaciones-marianas\"><img decoding=\"async\" src=\"https:\/\/publicacionespastorales.com.ec\/wp-content\/uploads\/2025\/07\/4.1-300x300.png\" alt=\"Publicaciones marianas\" width=\"300\" height=\"\" srcset=\"https:\/\/publicacionespastorales.com.ec\/wp-content\/uploads\/2025\/07\/4.1-300x300.png 300w, https:\/\/publicacionespastorales.com.ec\/wp-content\/uploads\/2025\/07\/4.1-150x150.png 150w, https:\/\/publicacionespastorales.com.ec\/wp-content\/uploads\/2025\/07\/4.1-100x100.png 100w, https:\/\/publicacionespastorales.com.ec\/wp-content\/uploads\/2025\/07\/4.1.png 450w\" sizes=\"(max-width: 300px) 100vw, 300px\" \/>\t\t<h2 class=\"woocommerce-loop-category__title\">\n\t\t\tPublicaciones marianas<mark class=\"count\">5 productos<\/mark>\t\t<\/h2>\n\t\t<\/a><\/li>\n<li class=\"product-category product last\">\n\t<a aria-label=\"Visitar la categor\u00eda de producto Plan Lector Pastoral\" href=\"https:\/\/publicacionespastorales.com.ec\/?product_cat=planlector-pastoral\"><img decoding=\"async\" src=\"https:\/\/publicacionespastorales.com.ec\/wp-content\/uploads\/2025\/07\/2.1-300x300.png\" alt=\"Plan Lector Pastoral\" width=\"300\" height=\"\" srcset=\"https:\/\/publicacionespastorales.com.ec\/wp-content\/uploads\/2025\/07\/2.1-300x300.png 300w, https:\/\/publicacionespastorales.com.ec\/wp-content\/uploads\/2025\/07\/2.1-150x150.png 150w, https:\/\/publicacionespastorales.com.ec\/wp-content\/uploads\/2025\/07\/2.1-100x100.png 100w, https:\/\/publicacionespastorales.com.ec\/wp-content\/uploads\/2025\/07\/2.1.png 450w\" sizes=\"(max-width: 300px) 100vw, 300px\" \/>\t\t<h2 class=\"woocommerce-loop-category__title\">\n\t\t\tPlan Lector Pastoral<mark class=\"count\">17 productos<\/mark>\t\t<\/h2>\n\t\t<\/a><\/li>\n<li class=\"product-category product first\">\n\t<a aria-label=\"Visitar la categor\u00eda de producto Pastoral educativa\" href=\"https:\/\/publicacionespastorales.com.ec\/?product_cat=pastoral-educativa\"><img decoding=\"async\" src=\"https:\/\/publicacionespastorales.com.ec\/wp-content\/uploads\/2025\/07\/Agenda1-300x300.png\" alt=\"Pastoral educativa\" width=\"300\" height=\"\" srcset=\"https:\/\/publicacionespastorales.com.ec\/wp-content\/uploads\/2025\/07\/Agenda1-300x300.png 300w, https:\/\/publicacionespastorales.com.ec\/wp-content\/uploads\/2025\/07\/Agenda1-150x150.png 150w, https:\/\/publicacionespastorales.com.ec\/wp-content\/uploads\/2025\/07\/Agenda1-100x100.png 100w, https:\/\/publicacionespastorales.com.ec\/wp-content\/uploads\/2025\/07\/Agenda1.png 450w\" sizes=\"(max-width: 300px) 100vw, 300px\" \/>\t\t<h2 class=\"woocommerce-loop-category__title\">\n\t\t\tPastoral educativa<mark class=\"count\">9 productos<\/mark>\t\t<\/h2>\n\t\t<\/a><\/li>\n<li class=\"product-category product\">\n\t<a aria-label=\"Visitar la categor\u00eda de producto Novenas de Navidad\" href=\"https:\/\/publicacionespastorales.com.ec\/?product_cat=novenas-de-navidad\"><img decoding=\"async\" src=\"https:\/\/publicacionespastorales.com.ec\/wp-content\/uploads\/2025\/07\/Novena1-300x300.png\" alt=\"Novenas de Navidad\" width=\"300\" height=\"\" srcset=\"https:\/\/publicacionespastorales.com.ec\/wp-content\/uploads\/2025\/07\/Novena1-300x300.png 300w, https:\/\/publicacionespastorales.com.ec\/wp-content\/uploads\/2025\/07\/Novena1-150x150.png 150w, https:\/\/publicacionespastorales.com.ec\/wp-content\/uploads\/2025\/07\/Novena1-100x100.png 100w, https:\/\/publicacionespastorales.com.ec\/wp-content\/uploads\/2025\/07\/Novena1.png 450w\" sizes=\"(max-width: 300px) 100vw, 300px\" \/>\t\t<h2 class=\"woocommerce-loop-category__title\">\n\t\t\tNovenas de Navidad<mark class=\"count\">2 productos<\/mark>\t\t<\/h2>\n\t\t<\/a><\/li>\n<li class=\"product-category product\">\n\t<a aria-label=\"Visitar la categor\u00eda de producto Documentos de la Iglesia\" href=\"https:\/\/publicacionespastorales.com.ec\/?product_cat=documentos-de-la-iglesia\"><img decoding=\"async\" src=\"https:\/\/publicacionespastorales.com.ec\/wp-content\/uploads\/2025\/07\/La-Alegria-del-evangelio1-300x300.png\" alt=\"Documentos de la Iglesia\" width=\"300\" height=\"\" srcset=\"https:\/\/publicacionespastorales.com.ec\/wp-content\/uploads\/2025\/07\/La-Alegria-del-evangelio1-300x300.png 300w, https:\/\/publicacionespastorales.com.ec\/wp-content\/uploads\/2025\/07\/La-Alegria-del-evangelio1-150x150.png 150w, https:\/\/publicacionespastorales.com.ec\/wp-content\/uploads\/2025\/07\/La-Alegria-del-evangelio1-100x100.png 100w, https:\/\/publicacionespastorales.com.ec\/wp-content\/uploads\/2025\/07\/La-Alegria-del-evangelio1.png 450w\" sizes=\"(max-width: 300px) 100vw, 300px\" \/>\t\t<h2 class=\"woocommerce-loop-category__title\">\n\t\t\tDocumentos de la Iglesia<mark class=\"count\">3 productos<\/mark>\t\t<\/h2>\n\t\t<\/a><\/li>\n<li class=\"product-category product last\">\n\t<a aria-label=\"Visitar la categor\u00eda de producto Biblias\" href=\"https:\/\/publicacionespastorales.com.ec\/?product_cat=biblias\"><img decoding=\"async\" src=\"https:\/\/publicacionespastorales.com.ec\/wp-content\/uploads\/2025\/07\/Biblia1-300x300.png\" alt=\"Biblias\" width=\"300\" height=\"\" srcset=\"https:\/\/publicacionespastorales.com.ec\/wp-content\/uploads\/2025\/07\/Biblia1-300x300.png 300w, https:\/\/publicacionespastorales.com.ec\/wp-content\/uploads\/2025\/07\/Biblia1-150x150.png 150w, https:\/\/publicacionespastorales.com.ec\/wp-content\/uploads\/2025\/07\/Biblia1-100x100.png 100w, https:\/\/publicacionespastorales.com.ec\/wp-content\/uploads\/2025\/07\/Biblia1.png 450w\" sizes=\"(max-width: 300px) 100vw, 300px\" \/>\t\t<h2 class=\"woocommerce-loop-category__title\">\n\t\t\tBiblias<mark class=\"count\">6 productos<\/mark>\t\t<\/h2>\n\t\t<\/a><\/li>\n<\/ul>\n<\/div>\t\t\t\t<\/div>\n\t\t\t\t\t<\/div>\n\t\t\t\t<\/div>\n\t\t\t\t<\/div>\n\t\t","protected":false},"excerpt":{"rendered":"<p>Nuestro Cat\u00e1logo Descubre nuestros libros Nuestras publicaciones responden al carisma salesiano, buscamos trabajar en l\u00edneas educativo-pastorales direccionadas a la creaci\u00f3n de \u00abbuenos libros\u00bb, contribuyendo as\u00ed al anuncio del Evangelio, desde la experiencia y el buen hacer profesional de nuestro equipo editorial.<\/p>\n","protected":false},"author":1,"featured_media":0,"parent":0,"menu_order":0,"comment_status":"closed","ping_status":"closed","template":"elementor_header_footer","meta":{"om_disable_all_campaigns":false,"site-sidebar-layout":"no-sidebar","site-content-layout":"","ast-site-content-layout":"full-width-container","site-content-style":"default","site-sidebar-style":"default","ast-global-header-display":"","ast-banner-title-visibility":"","ast-main-header-display":"","ast-hfb-above-header-display":"","ast-hfb-below-header-display":"","ast-hfb-mobile-header-display":"","site-post-title":"disabled","ast-breadcrumbs-content":"","ast-featured-img":"disabled","footer-sml-layout":"","ast-disable-related-posts":"","theme-transparent-header-meta":"","adv-header-id-meta":"","stick-header-meta":"","header-above-stick-meta":"","header-main-stick-meta":"","header-below-stick-meta":"","astra-migrate-meta-layouts":"default","ast-page-background-enabled":"default","ast-page-background-meta":{"desktop":{"background-color":"var(--ast-global-color-4)","background-image":"","background-repeat":"repeat","background-position":"center center","background-size":"auto","background-attachment":"scroll","background-type":"","background-media":"","overlay-type":"","overlay-color":"","overlay-opacity":"","overlay-gradient":""},"tablet":{"background-color":"","background-image":"","background-repeat":"repeat","background-position":"center center","background-size":"auto","background-attachment":"scroll","background-type":"","background-media":"","overlay-type":"","overlay-color":"","overlay-opacity":"","overlay-gradient":""},"mobile":{"background-color":"","background-image":"","background-repeat":"repeat","background-position":"center center","background-size":"auto","background-attachment":"scroll","background-type":"","background-media":"","overlay-type":"","overlay-color":"","overlay-opacity":"","overlay-gradient":""}},"ast-content-background-meta":{"desktop":{"background-color":"var(--ast-global-color-5)","background-image":"","background-repeat":"repeat","background-position":"center center","background-size":"auto","background-attachment":"scroll","background-type":"","background-media":"","overlay-type":"","overlay-color":"","overlay-opacity":"","overlay-gradient":""},"tablet":{"background-color":"var(--ast-global-color-5)","background-image":"","background-repeat":"repeat","background-position":"center center","background-size":"auto","background-attachment":"scroll","background-type":"","background-media":"","overlay-type":"","overlay-color":"","overlay-opacity":"","overlay-gradient":""},"mobile":{"background-color":"var(--ast-global-color-5)","background-image":"","background-repeat":"repeat","background-position":"center center","background-size":"auto","background-attachment":"scroll","background-type":"","background-media":"","overlay-type":"","overlay-color":"","overlay-opacity":"","overlay-gradient":""}},"h5ap_radio_sources":[],"footnotes":""},"class_list":["post-1178","page","type-page","status-publish","hentry"],"yoast_head":"<!-- This site is optimized with the Yoast SEO plugin v27.4 - https:\/\/yoast.com\/product\/yoast-seo-wordpress\/ -->\n<title>Catalogo - Centro Salesiano de Publicaciones Pastorales<\/title>\n<meta name=\"description\" content=\"Nuestras publicaciones responden al carisma salesiano, buscamos trabajar en l\u00edneas educativo-pastorales direccionadas a la creaci\u00f3n de \u00abbuenos libros\u00bb, contribuyendo as\u00ed al anuncio del Evangelio, desde la experiencia y el buen hacer profesional de nuestro equipo editorial.\" \/>\n<meta name=\"robots\" content=\"index, follow, max-snippet:-1, max-image-preview:large, max-video-preview:-1\" \/>\n<link rel=\"canonical\" href=\"https:\/\/publicacionespastorales.com.ec\/?page_id=1178\" \/>\n<meta property=\"og:locale\" content=\"es_ES\" \/>\n<meta property=\"og:type\" content=\"article\" \/>\n<meta property=\"og:title\" content=\"Catalogo - Centro Salesiano de Publicaciones Pastorales\" \/>\n<meta property=\"og:description\" content=\"Nuestras publicaciones responden al carisma salesiano, buscamos trabajar en l\u00edneas educativo-pastorales direccionadas a la creaci\u00f3n de \u00abbuenos libros\u00bb, contribuyendo as\u00ed al anuncio del Evangelio, desde la experiencia y el buen hacer profesional de nuestro equipo editorial.\" \/>\n<meta property=\"og:url\" content=\"https:\/\/publicacionespastorales.com.ec\/?page_id=1178\" \/>\n<meta property=\"og:site_name\" content=\"Centro Salesiano de Publicaciones Pastorales\" \/>\n<meta property=\"article:modified_time\" content=\"2026-03-26T13:13:39+00:00\" \/>\n<meta name=\"twitter:card\" content=\"summary_large_image\" \/>\n<meta name=\"twitter:label1\" content=\"Tiempo de lectura\" \/>\n\t<meta name=\"twitter:data1\" content=\"1 minuto\" \/>\n<script type=\"application\/ld+json\" class=\"yoast-schema-graph\">{\"@context\":\"https:\\\/\\\/schema.org\",\"@graph\":[{\"@type\":\"WebPage\",\"@id\":\"https:\\\/\\\/publicacionespastorales.com.ec\\\/?page_id=1178\",\"url\":\"https:\\\/\\\/publicacionespastorales.com.ec\\\/?page_id=1178\",\"name\":\"Catalogo - Centro Salesiano de Publicaciones Pastorales\",\"isPartOf\":{\"@id\":\"https:\\\/\\\/publicacionespastorales.com.ec\\\/#website\"},\"datePublished\":\"2024-09-19T21:59:24+00:00\",\"dateModified\":\"2026-03-26T13:13:39+00:00\",\"description\":\"Nuestras publicaciones responden al carisma salesiano, buscamos trabajar en l\u00edneas educativo-pastorales direccionadas a la creaci\u00f3n de \u00abbuenos libros\u00bb, contribuyendo as\u00ed al anuncio del Evangelio, desde la experiencia y el buen hacer profesional de nuestro equipo editorial.\",\"breadcrumb\":{\"@id\":\"https:\\\/\\\/publicacionespastorales.com.ec\\\/?page_id=1178#breadcrumb\"},\"inLanguage\":\"es\",\"potentialAction\":[{\"@type\":\"ReadAction\",\"target\":[\"https:\\\/\\\/publicacionespastorales.com.ec\\\/?page_id=1178\"]}]},{\"@type\":\"BreadcrumbList\",\"@id\":\"https:\\\/\\\/publicacionespastorales.com.ec\\\/?page_id=1178#breadcrumb\",\"itemListElement\":[{\"@type\":\"ListItem\",\"position\":1,\"name\":\"Portada\",\"item\":\"https:\\\/\\\/publicacionespastorales.com.ec\\\/\"},{\"@type\":\"ListItem\",\"position\":2,\"name\":\"Catalogo\"}]},{\"@type\":\"WebSite\",\"@id\":\"https:\\\/\\\/publicacionespastorales.com.ec\\\/#website\",\"url\":\"https:\\\/\\\/publicacionespastorales.com.ec\\\/\",\"name\":\"Centro Salesiano de Publicaciones Pastorales\",\"description\":\"Integrado por salesianos y laicos, que evangelizan por medio de la elaboraci\u00f3n y producci\u00f3n de material educativo-pastoral, favoreciendo la experiencia de Dios en la vida de las personas por medio de la reflexi\u00f3n, transmisi\u00f3n de la fe y compromiso social.\",\"publisher\":{\"@id\":\"https:\\\/\\\/publicacionespastorales.com.ec\\\/#organization\"},\"potentialAction\":[{\"@type\":\"SearchAction\",\"target\":{\"@type\":\"EntryPoint\",\"urlTemplate\":\"https:\\\/\\\/publicacionespastorales.com.ec\\\/?s={search_term_string}\"},\"query-input\":{\"@type\":\"PropertyValueSpecification\",\"valueRequired\":true,\"valueName\":\"search_term_string\"}}],\"inLanguage\":\"es\"},{\"@type\":\"Organization\",\"@id\":\"https:\\\/\\\/publicacionespastorales.com.ec\\\/#organization\",\"name\":\"Centro Salesiano de Publicaciones Pastorales\",\"url\":\"https:\\\/\\\/publicacionespastorales.com.ec\\\/\",\"logo\":{\"@type\":\"ImageObject\",\"inLanguage\":\"es\",\"@id\":\"https:\\\/\\\/publicacionespastorales.com.ec\\\/#\\\/schema\\\/logo\\\/image\\\/\",\"url\":\"https:\\\/\\\/publicacionespastorales.com.ec\\\/wp-content\\\/uploads\\\/2024\\\/08\\\/cropped-cropped-logo-cspp.png\",\"contentUrl\":\"https:\\\/\\\/publicacionespastorales.com.ec\\\/wp-content\\\/uploads\\\/2024\\\/08\\\/cropped-cropped-logo-cspp.png\",\"width\":243,\"height\":81,\"caption\":\"Centro Salesiano de Publicaciones Pastorales\"},\"image\":{\"@id\":\"https:\\\/\\\/publicacionespastorales.com.ec\\\/#\\\/schema\\\/logo\\\/image\\\/\"}}]}<\/script>\n<!-- \/ Yoast SEO plugin. -->","yoast_head_json":{"title":"Catalogo - Centro Salesiano de Publicaciones Pastorales","description":"Nuestras publicaciones responden al carisma salesiano, buscamos trabajar en l\u00edneas educativo-pastorales direccionadas a la creaci\u00f3n de \u00abbuenos libros\u00bb, contribuyendo as\u00ed al anuncio del Evangelio, desde la experiencia y el buen hacer profesional de nuestro equipo editorial.","robots":{"index":"index","follow":"follow","max-snippet":"max-snippet:-1","max-image-preview":"max-image-preview:large","max-video-preview":"max-video-preview:-1"},"canonical":"https:\/\/publicacionespastorales.com.ec\/?page_id=1178","og_locale":"es_ES","og_type":"article","og_title":"Catalogo - Centro Salesiano de Publicaciones Pastorales","og_description":"Nuestras publicaciones responden al carisma salesiano, buscamos trabajar en l\u00edneas educativo-pastorales direccionadas a la creaci\u00f3n de \u00abbuenos libros\u00bb, contribuyendo as\u00ed al anuncio del Evangelio, desde la experiencia y el buen hacer profesional de nuestro equipo editorial.","og_url":"https:\/\/publicacionespastorales.com.ec\/?page_id=1178","og_site_name":"Centro Salesiano de Publicaciones Pastorales","article_modified_time":"2026-03-26T13:13:39+00:00","twitter_card":"summary_large_image","twitter_misc":{"Tiempo de lectura":"1 minuto"},"schema":{"@context":"https:\/\/schema.org","@graph":[{"@type":"WebPage","@id":"https:\/\/publicacionespastorales.com.ec\/?page_id=1178","url":"https:\/\/publicacionespastorales.com.ec\/?page_id=1178","name":"Catalogo - Centro Salesiano de Publicaciones Pastorales","isPartOf":{"@id":"https:\/\/publicacionespastorales.com.ec\/#website"},"datePublished":"2024-09-19T21:59:24+00:00","dateModified":"2026-03-26T13:13:39+00:00","description":"Nuestras publicaciones responden al carisma salesiano, buscamos trabajar en l\u00edneas educativo-pastorales direccionadas a la creaci\u00f3n de \u00abbuenos libros\u00bb, contribuyendo as\u00ed al anuncio del Evangelio, desde la experiencia y el buen hacer profesional de nuestro equipo editorial.","breadcrumb":{"@id":"https:\/\/publicacionespastorales.com.ec\/?page_id=1178#breadcrumb"},"inLanguage":"es","potentialAction":[{"@type":"ReadAction","target":["https:\/\/publicacionespastorales.com.ec\/?page_id=1178"]}]},{"@type":"BreadcrumbList","@id":"https:\/\/publicacionespastorales.com.ec\/?page_id=1178#breadcrumb","itemListElement":[{"@type":"ListItem","position":1,"name":"Portada","item":"https:\/\/publicacionespastorales.com.ec\/"},{"@type":"ListItem","position":2,"name":"Catalogo"}]},{"@type":"WebSite","@id":"https:\/\/publicacionespastorales.com.ec\/#website","url":"https:\/\/publicacionespastorales.com.ec\/","name":"Centro Salesiano de Publicaciones Pastorales","description":"Integrado por salesianos y laicos, que evangelizan por medio de la elaboraci\u00f3n y producci\u00f3n de material educativo-pastoral, favoreciendo la experiencia de Dios en la vida de las personas por medio de la reflexi\u00f3n, transmisi\u00f3n de la fe y compromiso social.","publisher":{"@id":"https:\/\/publicacionespastorales.com.ec\/#organization"},"potentialAction":[{"@type":"SearchAction","target":{"@type":"EntryPoint","urlTemplate":"https:\/\/publicacionespastorales.com.ec\/?s={search_term_string}"},"query-input":{"@type":"PropertyValueSpecification","valueRequired":true,"valueName":"search_term_string"}}],"inLanguage":"es"},{"@type":"Organization","@id":"https:\/\/publicacionespastorales.com.ec\/#organization","name":"Centro Salesiano de Publicaciones Pastorales","url":"https:\/\/publicacionespastorales.com.ec\/","logo":{"@type":"ImageObject","inLanguage":"es","@id":"https:\/\/publicacionespastorales.com.ec\/#\/schema\/logo\/image\/","url":"https:\/\/publicacionespastorales.com.ec\/wp-content\/uploads\/2024\/08\/cropped-cropped-logo-cspp.png","contentUrl":"https:\/\/publicacionespastorales.com.ec\/wp-content\/uploads\/2024\/08\/cropped-cropped-logo-cspp.png","width":243,"height":81,"caption":"Centro Salesiano de Publicaciones Pastorales"},"image":{"@id":"https:\/\/publicacionespastorales.com.ec\/#\/schema\/logo\/image\/"}}]}},"_links":{"self":[{"href":"https:\/\/publicacionespastorales.com.ec\/index.php?rest_route=\/wp\/v2\/pages\/1178","targetHints":{"allow":["GET"]}}],"collection":[{"href":"https:\/\/publicacionespastorales.com.ec\/index.php?rest_route=\/wp\/v2\/pages"}],"about":[{"href":"https:\/\/publicacionespastorales.com.ec\/index.php?rest_route=\/wp\/v2\/types\/page"}],"author":[{"embeddable":true,"href":"https:\/\/publicacionespastorales.com.ec\/index.php?rest_route=\/wp\/v2\/users\/1"}],"replies":[{"embeddable":true,"href":"https:\/\/publicacionespastorales.com.ec\/index.php?rest_route=%2Fwp%2Fv2%2Fcomments&post=1178"}],"version-history":[{"count":0,"href":"https:\/\/publicacionespastorales.com.ec\/index.php?rest_route=\/wp\/v2\/pages\/1178\/revisions"}],"wp:attachment":[{"href":"https:\/\/publicacionespastorales.com.ec\/index.php?rest_route=%2Fwp%2Fv2%2Fmedia&parent=1178"}],"curies":[{"name":"wp","href":"https:\/\/api.w.org\/{rel}","templated":true}]}}