{"id":3893,"date":"2025-10-22T14:53:08","date_gmt":"2025-10-22T19:53:08","guid":{"rendered":"https:\/\/publicacionespastorales.com.ec\/?page_id=3893"},"modified":"2025-10-27T09:58:41","modified_gmt":"2025-10-27T14:58:41","slug":"login-2","status":"publish","type":"page","link":"https:\/\/publicacionespastorales.com.ec\/?page_id=3893","title":{"rendered":"Login"},"content":{"rendered":"\t\t<div data-elementor-type=\"wp-page\" data-elementor-id=\"3893\" class=\"elementor elementor-3893\" data-elementor-post-type=\"page\">\n\t\t\t\t<div class=\"elementor-element elementor-element-7385721 e-flex e-con-boxed wpr-particle-no wpr-jarallax-no wpr-parallax-no wpr-sticky-section-no wpr-equal-height-no e-con e-parent\" data-id=\"7385721\" data-element_type=\"container\" data-e-type=\"container\">\n\t\t\t\t\t<div class=\"e-con-inner\">\n\t\t\t\t\t<\/div>\n\t\t\t\t<\/div>\n\t\t<div class=\"elementor-element elementor-element-485832d e-con-full e-flex wpr-particle-no wpr-jarallax-no wpr-parallax-no wpr-sticky-section-no wpr-equal-height-no e-con e-parent\" data-id=\"485832d\" data-element_type=\"container\" data-e-type=\"container\">\n\t\t<div class=\"elementor-element elementor-element-63943bf e-con-full e-flex wpr-particle-no wpr-jarallax-no wpr-parallax-no wpr-sticky-section-no wpr-equal-height-no e-con e-child\" data-id=\"63943bf\" data-element_type=\"container\" data-e-type=\"container\">\n\t\t\t\t<\/div>\n\t\t<div class=\"elementor-element elementor-element-1f85514 e-con-full e-flex wpr-particle-no wpr-jarallax-no wpr-parallax-no wpr-sticky-section-no wpr-equal-height-no e-con e-child\" data-id=\"1f85514\" data-element_type=\"container\" data-e-type=\"container\">\n\t\t<div class=\"elementor-element elementor-element-0cae42c e-con-full e-flex wpr-particle-no wpr-jarallax-no wpr-parallax-no wpr-sticky-section-no wpr-equal-height-no e-con e-child\" data-id=\"0cae42c\" data-element_type=\"container\" data-e-type=\"container\">\n\t\t\t\t<div class=\"elementor-element elementor-element-aef6f28 elementor-widget elementor-widget-heading\" data-id=\"aef6f28\" data-element_type=\"widget\" data-e-type=\"widget\" data-widget_type=\"heading.default\">\n\t\t\t\t\t<h2 class=\"elementor-heading-title elementor-size-default\">Acceso al portal Luz del Domingo<\/h2>\t\t\t\t<\/div>\n\t\t\t\t<\/div>\n\t\t<div class=\"elementor-element elementor-element-9a60d07 e-con-full e-flex wpr-particle-no wpr-jarallax-no wpr-parallax-no wpr-sticky-section-no wpr-equal-height-no e-con e-child\" data-id=\"9a60d07\" data-element_type=\"container\" data-e-type=\"container\">\n\t\t\t\t<div class=\"elementor-element elementor-element-cc0826c elementor-widget elementor-widget-shortcode\" data-id=\"cc0826c\" data-element_type=\"widget\" data-e-type=\"widget\" data-widget_type=\"shortcode.default\">\n\t\t\t\t\t\t\t<div class=\"elementor-shortcode\">            <form name=\"pms_login\" id=\"pms_login\" class=\"pms-form \" action=\"\" method=\"post\">\n                \n                <p class=\"login-username\">\n                    <label for=\"user_login\">Username or Email Address<\/label>\n                    <input type=\"text\" name=\"log\" id=\"user_login\" class=\"input\" value=\"\" size=\"20\" \/>\n                <\/p>\n\n                <p class=\"login-password\">\n                    <label for=\"user_pass\">Password<\/label>\n                    <input type=\"password\" name=\"pwd\" id=\"user_pass\" class=\"input\" value=\"\" size=\"20\" \/>\n                <\/p>\n\n                <div id=\"pms-recaptcha-login-wrapper\" class=\"pms-field\"><div id=\"pms-recaptcha-login\" class=\"pms-recaptcha\" data-sitekey=\"6LdREPkrAAAAAHiweT7Set-roOch5v9LD7IW5u2U\" data-nonce=\"763c9a8f9c\"><input type=\"hidden\" name=\"g-recaptcha-response\" id=\"g-recaptcha-response\"><\/div><\/div>\n                                    <p class=\"login-remember\">\n                        <input name=\"rememberme\" type=\"checkbox\" id=\"rememberme\" value=\"forever\"  \/>\n\n                        <label for=\"rememberme\">\n                            Remember Me                        <\/label>\n                    <\/p>\n                \n                <p class=\"login-submit\">\n                    <input type=\"submit\" name=\"wp-submit\" id=\"wp-submit\" class=\"button button-primary\" value=\"Log In\" \/>\n                    <input type=\"hidden\" name=\"redirect_to\" value=\"https:\/\/publicacionespastorales.com.ec\/index.php?rest_route=%2Fwp%2Fv2%2Fpages%2F3893\" \/>\n                    <input type=\"hidden\" name=\"pms_login_nonce\" value=\"2a3d088f7e\" \/>\n                <\/p>\n\n                <p class=\"login-extra\">\n                    <input type=\"hidden\" name=\"pms_login\" value=\"1\" \/><input type=\"hidden\" name=\"pms_redirect\" value=\"https:\/\/publicacionespastorales.com.ec\/index.php?rest_route=%2Fwp%2Fv2%2Fpages%2F3893\" \/><a class=\"register\" href=\"\/?page_id=3887\">Register<\/a><span class=\"separator\">|<\/span><a class=\"lostpassword\" href=\"\/?page_id=3894\">Lost your password?<\/a>                <\/p>\n            <\/form>\n        <\/div>\n\t\t\t\t\t\t<\/div>\n\t\t\t\t<\/div>\n\t\t\t\t<\/div>\n\t\t<div class=\"elementor-element elementor-element-f4b81eb e-con-full e-flex wpr-particle-no wpr-jarallax-no wpr-parallax-no wpr-sticky-section-no wpr-equal-height-no e-con e-child\" data-id=\"f4b81eb\" data-element_type=\"container\" data-e-type=\"container\">\n\t\t\t\t<\/div>\n\t\t\t\t<\/div>\n\t\t<div class=\"elementor-element elementor-element-5337a0e e-con-full elementor-hidden-desktop elementor-hidden-tablet elementor-hidden-mobile e-flex wpr-particle-no wpr-jarallax-no wpr-parallax-no wpr-sticky-section-no wpr-equal-height-no e-con e-parent\" data-id=\"5337a0e\" data-element_type=\"container\" data-e-type=\"container\">\n\t\t<div class=\"elementor-element elementor-element-9142999 e-con-full e-flex wpr-particle-no wpr-jarallax-no wpr-parallax-no wpr-sticky-section-no wpr-equal-height-no e-con e-child\" data-id=\"9142999\" data-element_type=\"container\" data-e-type=\"container\">\n\t\t\t\t<\/div>\n\t\t<div class=\"elementor-element elementor-element-e9a972d e-con-full e-flex wpr-particle-no wpr-jarallax-no wpr-parallax-no wpr-sticky-section-no wpr-equal-height-no e-con e-child\" data-id=\"e9a972d\" data-element_type=\"container\" data-e-type=\"container\">\n\t\t<div class=\"elementor-element elementor-element-b2de134 e-con-full e-flex wpr-particle-no wpr-jarallax-no wpr-parallax-no wpr-sticky-section-no wpr-equal-height-no e-con e-child\" data-id=\"b2de134\" data-element_type=\"container\" data-e-type=\"container\">\n\t\t\t\t<div class=\"elementor-element elementor-element-3673550 elementor-widget elementor-widget-heading\" data-id=\"3673550\" data-element_type=\"widget\" data-e-type=\"widget\" data-widget_type=\"heading.default\">\n\t\t\t\t\t<h2 class=\"elementor-heading-title elementor-size-default\">Acceso al portal Luz del Domingo<\/h2>\t\t\t\t<\/div>\n\t\t\t\t<\/div>\n\t\t<div class=\"elementor-element elementor-element-27d8240 e-con-full e-flex wpr-particle-no wpr-jarallax-no wpr-parallax-no wpr-sticky-section-no wpr-equal-height-no e-con e-child\" data-id=\"27d8240\" data-element_type=\"container\" data-e-type=\"container\">\n\t\t\t\t<div class=\"elementor-element elementor-element-759a9dd elementor-widget elementor-widget-shortcode\" data-id=\"759a9dd\" data-element_type=\"widget\" data-e-type=\"widget\" data-widget_type=\"shortcode.default\">\n\t\t\t\t\t\t\t<div class=\"elementor-shortcode\"><div id=\"wppb-login-wrap\" class=\"wppb-user-forms\">\n\t\t<form name=\"wppb-loginform\" id=\"wppb-loginform\" class=\"\" action=\"https:\/\/publicacionespastorales.com.ec\/index.php?rest_route=%2Fwp%2Fv2%2Fpages%2F3893\" method=\"post\">\n\t\t\t\n\t\t\t<p class=\"wppb-form-field login-username\">\n\t\t\t\t<label for=\"wppb_user_login\">Email<\/label>\n\t\t\t\t<input type=\"email\" name=\"log\" id=\"wppb_user_login\" class=\"input\" value=\"\" size=\"20\" \/>\n\t\t\t<\/p>\n\t\t\t<p class=\"wppb-form-field login-password\">\n\t\t\t\t<label for=\"wppb_user_pass\">Password<\/label>\n\t\t\t\t<span class=\"wppb-password-field-container\">\n\t\t\t\t    <input type=\"password\" name=\"pwd\" id=\"wppb_user_pass\" class=\"input\" value=\"\" size=\"20\" \/>\n\t\t\t\t    \n            <button type=\"button\" class=\"wppb-toggle-pw wppb-show-pw hide-if-no-js\" data-toggle=\"0\" aria-label=\"Show password\" tabindex=\"-1\">\n                <img decoding=\"async\" src=\"https:\/\/publicacionespastorales.com.ec\/wp-content\/plugins\/profile-builder\/\/assets\/images\/eye-outline.svg\" title=\"Show password\" width=\"20px\" height=\"20px\" \/>\n            <\/button> <!-- add the HTML for the visibility toggle -->\n\t\t\t\t<\/span>\n            <\/p>\n\t\t\t\n\t\t\t\n\t\t\t<p class=\"wppb-form-field login-remember\"><input name=\"rememberme\" type=\"checkbox\" id=\"rememberme\" value=\"forever\" \/><label for=\"rememberme\">Remember Me<\/label><\/p>\n\t\t\t<p class=\"login-submit form-submit\">\n\t\t\t\t<input type=\"submit\" name=\"wp-submit\" id=\"wppb-submit\" class=\"button button-primary\" value=\"Log In\"\" \/>\n\t\t\t\t<input type=\"hidden\" name=\"redirect_to\" value=\"https:\/\/publicacionespastorales.com.ec\/index.php?rest_route=%2Fwp%2Fv2%2Fpages%2F3893\" \/>\n\t\t\t<\/p>\n\t\t\t<input type=\"hidden\" name=\"wppb_login\" value=\"true\"\/>\n\t\t\t<input type=\"hidden\" name=\"wppb_form_location\" value=\"widget\"\/>\n\t\t\t<input type=\"hidden\" name=\"wppb_request_url\" value=\"https:\/\/publicacionespastorales.com.ec\/index.php?rest_route=%2Fwp%2Fv2%2Fpages%2F3893\"\/>\n\t\t\t<input type=\"hidden\" name=\"wppb_lostpassword_url\" value=\"https:\/\/publicacionespastorales.com.ec\/?page_id=3894\"\/>\n\t\t\t<input type=\"hidden\" name=\"wppb_redirect_priority\" value=\"\"\/>\n\t\t\t<input type=\"hidden\" name=\"wppb_referer_url\" value=\"\"\/>\n\t\t\t<input type=\"hidden\" id=\"CSRFToken-wppb\" name=\"CSRFToken-wppb\" value=\"8d37e0f74d\" \/><input type=\"hidden\" name=\"_wp_http_referer\" value=\"\/index.php?rest_route=%2Fwp%2Fv2%2Fpages%2F3893\" \/>\n\t\t\t<input type=\"hidden\" name=\"wppb_redirect_check\" value=\"true\"\/>\n\t\t\t\n\t\t<\/form><script>window.onload = function() { jQuery(document).ready(function($) { $(\"input[name=\\\"log\\\"]\").on(\"keyup\", function() { $(this).val( $.trim($(this).val()) ); }); }); }<\/script><p class=\"login-register-lost-password\"><a class=\"login-lost-password\" href=\"https:\/\/publicacionespastorales.com.ec\/?page_id=3894\">Lost your password?<\/a><\/p><div class=\"wppb-sc-buttons-container\"><div class=\"wppb-sc-heading-before-reg-buttons\"><h3>Inicia sesi\u00f3n con<\/h3><\/div><a class=\"wppb-sc-google-gis-login wppb-sc-button\" href=\"#\" data-wppb_sc_form_id_google_gis=\"\"><i class=\"wppb-sc-icon-google-plus wppb-sc-icon\"><\/i><\/a><\/div><script>if ( document.getElementById(\"rememberme\") ) document.getElementById(\"rememberme\").checked = true;<\/script><\/div> <\/div>\n\t\t\t\t\t\t<\/div>\n\t\t\t\t<\/div>\n\t\t\t\t<\/div>\n\t\t<div class=\"elementor-element elementor-element-4ddee51 e-con-full e-flex wpr-particle-no wpr-jarallax-no wpr-parallax-no wpr-sticky-section-no wpr-equal-height-no e-con e-child\" data-id=\"4ddee51\" data-element_type=\"container\" data-e-type=\"container\">\n\t\t\t\t<\/div>\n\t\t\t\t<\/div>\n\t\t\t\t<\/div>\n\t\t","protected":false},"excerpt":{"rendered":"<p>Acceso al portal Luz del Domingo Acceso al portal Luz del Domingo<\/p>\n","protected":false},"author":1,"featured_media":0,"parent":0,"menu_order":0,"comment_status":"closed","ping_status":"closed","template":"elementor_header_footer","meta":{"om_disable_all_campaigns":false,"site-sidebar-layout":"default","site-content-layout":"","ast-site-content-layout":"default","site-content-style":"default","site-sidebar-style":"default","ast-global-header-display":"","ast-banner-title-visibility":"","ast-main-header-display":"","ast-hfb-above-header-display":"","ast-hfb-below-header-display":"","ast-hfb-mobile-header-display":"","site-post-title":"disabled","ast-breadcrumbs-content":"","ast-featured-img":"","footer-sml-layout":"","ast-disable-related-posts":"","theme-transparent-header-meta":"","adv-header-id-meta":"","stick-header-meta":"","header-above-stick-meta":"","header-main-stick-meta":"","header-below-stick-meta":"","astra-migrate-meta-layouts":"default","ast-page-background-enabled":"default","ast-page-background-meta":{"desktop":{"background-color":"var(--ast-global-color-4)","background-image":"","background-repeat":"repeat","background-position":"center center","background-size":"auto","background-attachment":"scroll","background-type":"","background-media":"","overlay-type":"","overlay-color":"","overlay-opacity":"","overlay-gradient":""},"tablet":{"background-color":"","background-image":"","background-repeat":"repeat","background-position":"center center","background-size":"auto","background-attachment":"scroll","background-type":"","background-media":"","overlay-type":"","overlay-color":"","overlay-opacity":"","overlay-gradient":""},"mobile":{"background-color":"","background-image":"","background-repeat":"repeat","background-position":"center center","background-size":"auto","background-attachment":"scroll","background-type":"","background-media":"","overlay-type":"","overlay-color":"","overlay-opacity":"","overlay-gradient":""}},"ast-content-background-meta":{"desktop":{"background-color":"var(--ast-global-color-5)","background-image":"","background-repeat":"repeat","background-position":"center center","background-size":"auto","background-attachment":"scroll","background-type":"","background-media":"","overlay-type":"","overlay-color":"","overlay-opacity":"","overlay-gradient":""},"tablet":{"background-color":"var(--ast-global-color-5)","background-image":"","background-repeat":"repeat","background-position":"center center","background-size":"auto","background-attachment":"scroll","background-type":"","background-media":"","overlay-type":"","overlay-color":"","overlay-opacity":"","overlay-gradient":""},"mobile":{"background-color":"var(--ast-global-color-5)","background-image":"","background-repeat":"repeat","background-position":"center center","background-size":"auto","background-attachment":"scroll","background-type":"","background-media":"","overlay-type":"","overlay-color":"","overlay-opacity":"","overlay-gradient":""}},"h5ap_radio_sources":[],"footnotes":""},"class_list":["post-3893","page","type-page","status-publish","hentry"],"yoast_head":"<!-- This site is optimized with the Yoast SEO plugin v27.4 - https:\/\/yoast.com\/product\/yoast-seo-wordpress\/ -->\n<title>Login - Centro Salesiano de Publicaciones Pastorales<\/title>\n<meta name=\"robots\" content=\"index, follow, max-snippet:-1, max-image-preview:large, max-video-preview:-1\" \/>\n<link rel=\"canonical\" href=\"https:\/\/publicacionespastorales.com.ec\/?page_id=3893\" \/>\n<meta property=\"og:locale\" content=\"es_ES\" \/>\n<meta property=\"og:type\" content=\"article\" \/>\n<meta property=\"og:title\" content=\"Login - Centro Salesiano de Publicaciones Pastorales\" \/>\n<meta property=\"og:description\" content=\"Acceso al portal Luz del Domingo Acceso al portal Luz del Domingo\" \/>\n<meta property=\"og:url\" content=\"https:\/\/publicacionespastorales.com.ec\/?page_id=3893\" \/>\n<meta property=\"og:site_name\" content=\"Centro Salesiano de Publicaciones Pastorales\" \/>\n<meta property=\"article:modified_time\" content=\"2025-10-27T14:58:41+00:00\" \/>\n<meta name=\"twitter:card\" content=\"summary_large_image\" \/>\n<script type=\"application\/ld+json\" class=\"yoast-schema-graph\">{\"@context\":\"https:\\\/\\\/schema.org\",\"@graph\":[{\"@type\":\"WebPage\",\"@id\":\"https:\\\/\\\/publicacionespastorales.com.ec\\\/?page_id=3893\",\"url\":\"https:\\\/\\\/publicacionespastorales.com.ec\\\/?page_id=3893\",\"name\":\"Login - Centro Salesiano de Publicaciones Pastorales\",\"isPartOf\":{\"@id\":\"https:\\\/\\\/publicacionespastorales.com.ec\\\/#website\"},\"datePublished\":\"2025-10-22T19:53:08+00:00\",\"dateModified\":\"2025-10-27T14:58:41+00:00\",\"breadcrumb\":{\"@id\":\"https:\\\/\\\/publicacionespastorales.com.ec\\\/?page_id=3893#breadcrumb\"},\"inLanguage\":\"es\",\"potentialAction\":[{\"@type\":\"ReadAction\",\"target\":[\"https:\\\/\\\/publicacionespastorales.com.ec\\\/?page_id=3893\"]}]},{\"@type\":\"BreadcrumbList\",\"@id\":\"https:\\\/\\\/publicacionespastorales.com.ec\\\/?page_id=3893#breadcrumb\",\"itemListElement\":[{\"@type\":\"ListItem\",\"position\":1,\"name\":\"Portada\",\"item\":\"https:\\\/\\\/publicacionespastorales.com.ec\\\/\"},{\"@type\":\"ListItem\",\"position\":2,\"name\":\"Login\"}]},{\"@type\":\"WebSite\",\"@id\":\"https:\\\/\\\/publicacionespastorales.com.ec\\\/#website\",\"url\":\"https:\\\/\\\/publicacionespastorales.com.ec\\\/\",\"name\":\"Centro Salesiano de Publicaciones Pastorales\",\"description\":\"Integrado por salesianos y laicos, que evangelizan por medio de la elaboraci\u00f3n y producci\u00f3n de material educativo-pastoral, favoreciendo la experiencia de Dios en la vida de las personas por medio de la reflexi\u00f3n, transmisi\u00f3n de la fe y compromiso social.\",\"publisher\":{\"@id\":\"https:\\\/\\\/publicacionespastorales.com.ec\\\/#organization\"},\"potentialAction\":[{\"@type\":\"SearchAction\",\"target\":{\"@type\":\"EntryPoint\",\"urlTemplate\":\"https:\\\/\\\/publicacionespastorales.com.ec\\\/?s={search_term_string}\"},\"query-input\":{\"@type\":\"PropertyValueSpecification\",\"valueRequired\":true,\"valueName\":\"search_term_string\"}}],\"inLanguage\":\"es\"},{\"@type\":\"Organization\",\"@id\":\"https:\\\/\\\/publicacionespastorales.com.ec\\\/#organization\",\"name\":\"Centro Salesiano de Publicaciones Pastorales\",\"url\":\"https:\\\/\\\/publicacionespastorales.com.ec\\\/\",\"logo\":{\"@type\":\"ImageObject\",\"inLanguage\":\"es\",\"@id\":\"https:\\\/\\\/publicacionespastorales.com.ec\\\/#\\\/schema\\\/logo\\\/image\\\/\",\"url\":\"https:\\\/\\\/publicacionespastorales.com.ec\\\/wp-content\\\/uploads\\\/2024\\\/08\\\/cropped-cropped-logo-cspp.png\",\"contentUrl\":\"https:\\\/\\\/publicacionespastorales.com.ec\\\/wp-content\\\/uploads\\\/2024\\\/08\\\/cropped-cropped-logo-cspp.png\",\"width\":243,\"height\":81,\"caption\":\"Centro Salesiano de Publicaciones Pastorales\"},\"image\":{\"@id\":\"https:\\\/\\\/publicacionespastorales.com.ec\\\/#\\\/schema\\\/logo\\\/image\\\/\"}}]}<\/script>\n<!-- \/ Yoast SEO plugin. -->","yoast_head_json":{"title":"Login - Centro Salesiano de Publicaciones Pastorales","robots":{"index":"index","follow":"follow","max-snippet":"max-snippet:-1","max-image-preview":"max-image-preview:large","max-video-preview":"max-video-preview:-1"},"canonical":"https:\/\/publicacionespastorales.com.ec\/?page_id=3893","og_locale":"es_ES","og_type":"article","og_title":"Login - Centro Salesiano de Publicaciones Pastorales","og_description":"Acceso al portal Luz del Domingo Acceso al portal Luz del Domingo","og_url":"https:\/\/publicacionespastorales.com.ec\/?page_id=3893","og_site_name":"Centro Salesiano de Publicaciones Pastorales","article_modified_time":"2025-10-27T14:58:41+00:00","twitter_card":"summary_large_image","schema":{"@context":"https:\/\/schema.org","@graph":[{"@type":"WebPage","@id":"https:\/\/publicacionespastorales.com.ec\/?page_id=3893","url":"https:\/\/publicacionespastorales.com.ec\/?page_id=3893","name":"Login - Centro Salesiano de Publicaciones Pastorales","isPartOf":{"@id":"https:\/\/publicacionespastorales.com.ec\/#website"},"datePublished":"2025-10-22T19:53:08+00:00","dateModified":"2025-10-27T14:58:41+00:00","breadcrumb":{"@id":"https:\/\/publicacionespastorales.com.ec\/?page_id=3893#breadcrumb"},"inLanguage":"es","potentialAction":[{"@type":"ReadAction","target":["https:\/\/publicacionespastorales.com.ec\/?page_id=3893"]}]},{"@type":"BreadcrumbList","@id":"https:\/\/publicacionespastorales.com.ec\/?page_id=3893#breadcrumb","itemListElement":[{"@type":"ListItem","position":1,"name":"Portada","item":"https:\/\/publicacionespastorales.com.ec\/"},{"@type":"ListItem","position":2,"name":"Login"}]},{"@type":"WebSite","@id":"https:\/\/publicacionespastorales.com.ec\/#website","url":"https:\/\/publicacionespastorales.com.ec\/","name":"Centro Salesiano de Publicaciones Pastorales","description":"Integrado por salesianos y laicos, que evangelizan por medio de la elaboraci\u00f3n y producci\u00f3n de material educativo-pastoral, favoreciendo la experiencia de Dios en la vida de las personas por medio de la reflexi\u00f3n, transmisi\u00f3n de la fe y compromiso social.","publisher":{"@id":"https:\/\/publicacionespastorales.com.ec\/#organization"},"potentialAction":[{"@type":"SearchAction","target":{"@type":"EntryPoint","urlTemplate":"https:\/\/publicacionespastorales.com.ec\/?s={search_term_string}"},"query-input":{"@type":"PropertyValueSpecification","valueRequired":true,"valueName":"search_term_string"}}],"inLanguage":"es"},{"@type":"Organization","@id":"https:\/\/publicacionespastorales.com.ec\/#organization","name":"Centro Salesiano de Publicaciones Pastorales","url":"https:\/\/publicacionespastorales.com.ec\/","logo":{"@type":"ImageObject","inLanguage":"es","@id":"https:\/\/publicacionespastorales.com.ec\/#\/schema\/logo\/image\/","url":"https:\/\/publicacionespastorales.com.ec\/wp-content\/uploads\/2024\/08\/cropped-cropped-logo-cspp.png","contentUrl":"https:\/\/publicacionespastorales.com.ec\/wp-content\/uploads\/2024\/08\/cropped-cropped-logo-cspp.png","width":243,"height":81,"caption":"Centro Salesiano de Publicaciones Pastorales"},"image":{"@id":"https:\/\/publicacionespastorales.com.ec\/#\/schema\/logo\/image\/"}}]}},"_links":{"self":[{"href":"https:\/\/publicacionespastorales.com.ec\/index.php?rest_route=\/wp\/v2\/pages\/3893","targetHints":{"allow":["GET"]}}],"collection":[{"href":"https:\/\/publicacionespastorales.com.ec\/index.php?rest_route=\/wp\/v2\/pages"}],"about":[{"href":"https:\/\/publicacionespastorales.com.ec\/index.php?rest_route=\/wp\/v2\/types\/page"}],"author":[{"embeddable":true,"href":"https:\/\/publicacionespastorales.com.ec\/index.php?rest_route=\/wp\/v2\/users\/1"}],"replies":[{"embeddable":true,"href":"https:\/\/publicacionespastorales.com.ec\/index.php?rest_route=%2Fwp%2Fv2%2Fcomments&post=3893"}],"version-history":[{"count":0,"href":"https:\/\/publicacionespastorales.com.ec\/index.php?rest_route=\/wp\/v2\/pages\/3893\/revisions"}],"wp:attachment":[{"href":"https:\/\/publicacionespastorales.com.ec\/index.php?rest_route=%2Fwp%2Fv2%2Fmedia&parent=3893"}],"curies":[{"name":"wp","href":"https:\/\/api.w.org\/{rel}","templated":true}]}}