{"id":2349,"date":"2024-10-17T14:11:16","date_gmt":"2024-10-17T19:11:16","guid":{"rendered":"http:\/\/publicacionespastorales.com.ec\/?post_type=product&#038;p=2349"},"modified":"2026-02-27T15:36:04","modified_gmt":"2026-02-27T20:36:04","slug":"su-vida-a-dios-por-la-conversion-de-su-madre","status":"publish","type":"product","link":"https:\/\/publicacionespastorales.com.ec\/?product=su-vida-a-dios-por-la-conversion-de-su-madre","title":{"rendered":"Su vida a Dios por la conversi\u00f3n de su madre"},"content":{"rendered":"","protected":false},"excerpt":{"rendered":"<p align=\"justify\">Laura naci\u00f3 en Santiago de Chile el a\u00f1o 1891. Al morir de improviso su padre, la madre se refugi\u00f3 con sus dos hijas en Argentina. En 1900 Laura fue acogida en el colegio de las Hijas de Mar\u00eda Auxiliadora; al a\u00f1o siguiente recibi\u00f3 la Primera Comuni\u00f3n y, al igual que santo Domingo Savio, entreg\u00f3 toda su vida a Jes\u00fas.<\/p>\n<p align=\"justify\"><b>Autor<\/b>: Salesianos Bogot\u00e1<br \/>\n<b>G\u00e9nero:<\/b> Biograf\u00eda, relato<\/p>\n","protected":false},"featured_media":5656,"comment_status":"open","ping_status":"closed","template":"","meta":{"om_disable_all_campaigns":false,"site-sidebar-layout":"default","site-content-layout":"","ast-site-content-layout":"default","site-content-style":"default","site-sidebar-style":"default","ast-global-header-display":"","ast-banner-title-visibility":"","ast-main-header-display":"","ast-hfb-above-header-display":"","ast-hfb-below-header-display":"","ast-hfb-mobile-header-display":"","site-post-title":"","ast-breadcrumbs-content":"","ast-featured-img":"","footer-sml-layout":"","ast-disable-related-posts":"","theme-transparent-header-meta":"default","adv-header-id-meta":"","stick-header-meta":"","header-above-stick-meta":"","header-main-stick-meta":"","header-below-stick-meta":"","astra-migrate-meta-layouts":"set","ast-page-background-enabled":"default","ast-page-background-meta":{"desktop":{"background-color":"var(--ast-global-color-4)","background-image":"","background-repeat":"repeat","background-position":"center center","background-size":"auto","background-attachment":"scroll","background-type":"","background-media":"","overlay-type":"","overlay-color":"","overlay-opacity":"","overlay-gradient":""},"tablet":{"background-color":"","background-image":"","background-repeat":"repeat","background-position":"center center","background-size":"auto","background-attachment":"scroll","background-type":"","background-media":"","overlay-type":"","overlay-color":"","overlay-opacity":"","overlay-gradient":""},"mobile":{"background-color":"","background-image":"","background-repeat":"repeat","background-position":"center center","background-size":"auto","background-attachment":"scroll","background-type":"","background-media":"","overlay-type":"","overlay-color":"","overlay-opacity":"","overlay-gradient":""}},"ast-content-background-meta":{"desktop":{"background-color":"var(--ast-global-color-5)","background-image":"","background-repeat":"repeat","background-position":"center center","background-size":"auto","background-attachment":"scroll","background-type":"","background-media":"","overlay-type":"","overlay-color":"","overlay-opacity":"","overlay-gradient":""},"tablet":{"background-color":"var(--ast-global-color-5)","background-image":"","background-repeat":"repeat","background-position":"center center","background-size":"auto","background-attachment":"scroll","background-type":"","background-media":"","overlay-type":"","overlay-color":"","overlay-opacity":"","overlay-gradient":""},"mobile":{"background-color":"var(--ast-global-color-5)","background-image":"","background-repeat":"repeat","background-position":"center center","background-size":"auto","background-attachment":"scroll","background-type":"","background-media":"","overlay-type":"","overlay-color":"","overlay-opacity":"","overlay-gradient":""}},"h5ap_radio_sources":[]},"product_brand":[],"product_cat":[34],"product_tag":[],"class_list":{"0":"post-2349","1":"product","2":"type-product","3":"status-publish","4":"has-post-thumbnail","6":"product_cat-planlector-pastoral","7":"desktop-align-center","8":"tablet-align-left","9":"mobile-align-left","11":"first","12":"instock","13":"shipping-taxable","14":"product-type-simple"},"yoast_head":"<!-- This site is optimized with the Yoast SEO plugin v27.3 - https:\/\/yoast.com\/product\/yoast-seo-wordpress\/ -->\n<title>Su vida a Dios por la conversi\u00f3n de su madre - Centro Salesiano de Publicaciones Pastorales<\/title>\n<meta name=\"robots\" content=\"index, follow, max-snippet:-1, max-image-preview:large, max-video-preview:-1\" \/>\n<link rel=\"canonical\" href=\"https:\/\/publicacionespastorales.com.ec\/?product=su-vida-a-dios-por-la-conversion-de-su-madre\" \/>\n<meta property=\"og:locale\" content=\"es_ES\" \/>\n<meta property=\"og:type\" content=\"article\" \/>\n<meta property=\"og:title\" content=\"Su vida a Dios por la conversi\u00f3n de su madre - Centro Salesiano de Publicaciones Pastorales\" \/>\n<meta property=\"og:description\" content=\"Laura naci\u00f3 en Santiago de Chile el a\u00f1o 1891. Al morir de improviso su padre, la madre se refugi\u00f3 con sus dos hijas en Argentina. En 1900 Laura fue acogida en el colegio de las Hijas de Mar\u00eda Auxiliadora; al a\u00f1o siguiente recibi\u00f3 la Primera Comuni\u00f3n y, al igual que santo Domingo Savio, entreg\u00f3 toda su vida a Jes\u00fas. Autor: Salesianos Bogot\u00e1 G\u00e9nero: Biograf\u00eda, relato\" \/>\n<meta property=\"og:url\" content=\"https:\/\/publicacionespastorales.com.ec\/?product=su-vida-a-dios-por-la-conversion-de-su-madre\" \/>\n<meta property=\"og:site_name\" content=\"Centro Salesiano de Publicaciones Pastorales\" \/>\n<meta property=\"article:modified_time\" content=\"2026-02-27T20:36:04+00:00\" \/>\n<meta property=\"og:image\" content=\"https:\/\/publicacionespastorales.com.ec\/wp-content\/uploads\/2026\/02\/Libro-Laura.png\" \/>\n\t<meta property=\"og:image:width\" content=\"700\" \/>\n\t<meta property=\"og:image:height\" content=\"700\" \/>\n\t<meta property=\"og:image:type\" content=\"image\/png\" \/>\n<meta name=\"twitter:card\" content=\"summary_large_image\" \/>\n<meta name=\"twitter:label1\" content=\"Tiempo de lectura\" \/>\n\t<meta name=\"twitter:data1\" content=\"1 minuto\" \/>\n<script type=\"application\/ld+json\" class=\"yoast-schema-graph\">{\"@context\":\"https:\\\/\\\/schema.org\",\"@graph\":[{\"@type\":\"WebPage\",\"@id\":\"https:\\\/\\\/publicacionespastorales.com.ec\\\/?product=su-vida-a-dios-por-la-conversion-de-su-madre\",\"url\":\"https:\\\/\\\/publicacionespastorales.com.ec\\\/?product=su-vida-a-dios-por-la-conversion-de-su-madre\",\"name\":\"Su vida a Dios por la conversi\u00f3n de su madre - Centro Salesiano de Publicaciones Pastorales\",\"isPartOf\":{\"@id\":\"https:\\\/\\\/publicacionespastorales.com.ec\\\/#website\"},\"primaryImageOfPage\":{\"@id\":\"https:\\\/\\\/publicacionespastorales.com.ec\\\/?product=su-vida-a-dios-por-la-conversion-de-su-madre#primaryimage\"},\"image\":{\"@id\":\"https:\\\/\\\/publicacionespastorales.com.ec\\\/?product=su-vida-a-dios-por-la-conversion-de-su-madre#primaryimage\"},\"thumbnailUrl\":\"https:\\\/\\\/publicacionespastorales.com.ec\\\/wp-content\\\/uploads\\\/2026\\\/02\\\/Libro-Laura.png\",\"datePublished\":\"2024-10-17T19:11:16+00:00\",\"dateModified\":\"2026-02-27T20:36:04+00:00\",\"breadcrumb\":{\"@id\":\"https:\\\/\\\/publicacionespastorales.com.ec\\\/?product=su-vida-a-dios-por-la-conversion-de-su-madre#breadcrumb\"},\"inLanguage\":\"es\",\"potentialAction\":[{\"@type\":\"ReadAction\",\"target\":[\"https:\\\/\\\/publicacionespastorales.com.ec\\\/?product=su-vida-a-dios-por-la-conversion-de-su-madre\"]}]},{\"@type\":\"ImageObject\",\"inLanguage\":\"es\",\"@id\":\"https:\\\/\\\/publicacionespastorales.com.ec\\\/?product=su-vida-a-dios-por-la-conversion-de-su-madre#primaryimage\",\"url\":\"https:\\\/\\\/publicacionespastorales.com.ec\\\/wp-content\\\/uploads\\\/2026\\\/02\\\/Libro-Laura.png\",\"contentUrl\":\"https:\\\/\\\/publicacionespastorales.com.ec\\\/wp-content\\\/uploads\\\/2026\\\/02\\\/Libro-Laura.png\",\"width\":700,\"height\":700},{\"@type\":\"BreadcrumbList\",\"@id\":\"https:\\\/\\\/publicacionespastorales.com.ec\\\/?product=su-vida-a-dios-por-la-conversion-de-su-madre#breadcrumb\",\"itemListElement\":[{\"@type\":\"ListItem\",\"position\":1,\"name\":\"Portada\",\"item\":\"https:\\\/\\\/publicacionespastorales.com.ec\\\/\"},{\"@type\":\"ListItem\",\"position\":2,\"name\":\"Productos\",\"item\":\"https:\\\/\\\/publicacionespastorales.com.ec\\\/?post_type=product\"},{\"@type\":\"ListItem\",\"position\":3,\"name\":\"Su vida a Dios por la conversi\u00f3n de su madre\"}]},{\"@type\":\"WebSite\",\"@id\":\"https:\\\/\\\/publicacionespastorales.com.ec\\\/#website\",\"url\":\"https:\\\/\\\/publicacionespastorales.com.ec\\\/\",\"name\":\"Centro Salesiano de Publicaciones Pastorales\",\"description\":\"Integrado por salesianos y laicos, que evangelizan por medio de la elaboraci\u00f3n y producci\u00f3n de material educativo-pastoral, favoreciendo la experiencia de Dios en la vida de las personas por medio de la reflexi\u00f3n, transmisi\u00f3n de la fe y compromiso social.\",\"publisher\":{\"@id\":\"https:\\\/\\\/publicacionespastorales.com.ec\\\/#organization\"},\"potentialAction\":[{\"@type\":\"SearchAction\",\"target\":{\"@type\":\"EntryPoint\",\"urlTemplate\":\"https:\\\/\\\/publicacionespastorales.com.ec\\\/?s={search_term_string}\"},\"query-input\":{\"@type\":\"PropertyValueSpecification\",\"valueRequired\":true,\"valueName\":\"search_term_string\"}}],\"inLanguage\":\"es\"},{\"@type\":\"Organization\",\"@id\":\"https:\\\/\\\/publicacionespastorales.com.ec\\\/#organization\",\"name\":\"Centro Salesiano de Publicaciones Pastorales\",\"url\":\"https:\\\/\\\/publicacionespastorales.com.ec\\\/\",\"logo\":{\"@type\":\"ImageObject\",\"inLanguage\":\"es\",\"@id\":\"https:\\\/\\\/publicacionespastorales.com.ec\\\/#\\\/schema\\\/logo\\\/image\\\/\",\"url\":\"https:\\\/\\\/publicacionespastorales.com.ec\\\/wp-content\\\/uploads\\\/2024\\\/08\\\/cropped-cropped-logo-cspp.png\",\"contentUrl\":\"https:\\\/\\\/publicacionespastorales.com.ec\\\/wp-content\\\/uploads\\\/2024\\\/08\\\/cropped-cropped-logo-cspp.png\",\"width\":243,\"height\":81,\"caption\":\"Centro Salesiano de Publicaciones Pastorales\"},\"image\":{\"@id\":\"https:\\\/\\\/publicacionespastorales.com.ec\\\/#\\\/schema\\\/logo\\\/image\\\/\"}}]}<\/script>\n<!-- \/ Yoast SEO plugin. -->","yoast_head_json":{"title":"Su vida a Dios por la conversi\u00f3n de su madre - Centro Salesiano de Publicaciones Pastorales","robots":{"index":"index","follow":"follow","max-snippet":"max-snippet:-1","max-image-preview":"max-image-preview:large","max-video-preview":"max-video-preview:-1"},"canonical":"https:\/\/publicacionespastorales.com.ec\/?product=su-vida-a-dios-por-la-conversion-de-su-madre","og_locale":"es_ES","og_type":"article","og_title":"Su vida a Dios por la conversi\u00f3n de su madre - Centro Salesiano de Publicaciones Pastorales","og_description":"Laura naci\u00f3 en Santiago de Chile el a\u00f1o 1891. Al morir de improviso su padre, la madre se refugi\u00f3 con sus dos hijas en Argentina. En 1900 Laura fue acogida en el colegio de las Hijas de Mar\u00eda Auxiliadora; al a\u00f1o siguiente recibi\u00f3 la Primera Comuni\u00f3n y, al igual que santo Domingo Savio, entreg\u00f3 toda su vida a Jes\u00fas. Autor: Salesianos Bogot\u00e1 G\u00e9nero: Biograf\u00eda, relato","og_url":"https:\/\/publicacionespastorales.com.ec\/?product=su-vida-a-dios-por-la-conversion-de-su-madre","og_site_name":"Centro Salesiano de Publicaciones Pastorales","article_modified_time":"2026-02-27T20:36:04+00:00","og_image":[{"width":700,"height":700,"url":"https:\/\/publicacionespastorales.com.ec\/wp-content\/uploads\/2026\/02\/Libro-Laura.png","type":"image\/png"}],"twitter_card":"summary_large_image","twitter_misc":{"Tiempo de lectura":"1 minuto"},"schema":{"@context":"https:\/\/schema.org","@graph":[{"@type":"WebPage","@id":"https:\/\/publicacionespastorales.com.ec\/?product=su-vida-a-dios-por-la-conversion-de-su-madre","url":"https:\/\/publicacionespastorales.com.ec\/?product=su-vida-a-dios-por-la-conversion-de-su-madre","name":"Su vida a Dios por la conversi\u00f3n de su madre - Centro Salesiano de Publicaciones Pastorales","isPartOf":{"@id":"https:\/\/publicacionespastorales.com.ec\/#website"},"primaryImageOfPage":{"@id":"https:\/\/publicacionespastorales.com.ec\/?product=su-vida-a-dios-por-la-conversion-de-su-madre#primaryimage"},"image":{"@id":"https:\/\/publicacionespastorales.com.ec\/?product=su-vida-a-dios-por-la-conversion-de-su-madre#primaryimage"},"thumbnailUrl":"https:\/\/publicacionespastorales.com.ec\/wp-content\/uploads\/2026\/02\/Libro-Laura.png","datePublished":"2024-10-17T19:11:16+00:00","dateModified":"2026-02-27T20:36:04+00:00","breadcrumb":{"@id":"https:\/\/publicacionespastorales.com.ec\/?product=su-vida-a-dios-por-la-conversion-de-su-madre#breadcrumb"},"inLanguage":"es","potentialAction":[{"@type":"ReadAction","target":["https:\/\/publicacionespastorales.com.ec\/?product=su-vida-a-dios-por-la-conversion-de-su-madre"]}]},{"@type":"ImageObject","inLanguage":"es","@id":"https:\/\/publicacionespastorales.com.ec\/?product=su-vida-a-dios-por-la-conversion-de-su-madre#primaryimage","url":"https:\/\/publicacionespastorales.com.ec\/wp-content\/uploads\/2026\/02\/Libro-Laura.png","contentUrl":"https:\/\/publicacionespastorales.com.ec\/wp-content\/uploads\/2026\/02\/Libro-Laura.png","width":700,"height":700},{"@type":"BreadcrumbList","@id":"https:\/\/publicacionespastorales.com.ec\/?product=su-vida-a-dios-por-la-conversion-de-su-madre#breadcrumb","itemListElement":[{"@type":"ListItem","position":1,"name":"Portada","item":"https:\/\/publicacionespastorales.com.ec\/"},{"@type":"ListItem","position":2,"name":"Productos","item":"https:\/\/publicacionespastorales.com.ec\/?post_type=product"},{"@type":"ListItem","position":3,"name":"Su vida a Dios por la conversi\u00f3n de su madre"}]},{"@type":"WebSite","@id":"https:\/\/publicacionespastorales.com.ec\/#website","url":"https:\/\/publicacionespastorales.com.ec\/","name":"Centro Salesiano de Publicaciones Pastorales","description":"Integrado por salesianos y laicos, que evangelizan por medio de la elaboraci\u00f3n y producci\u00f3n de material educativo-pastoral, favoreciendo la experiencia de Dios en la vida de las personas por medio de la reflexi\u00f3n, transmisi\u00f3n de la fe y compromiso social.","publisher":{"@id":"https:\/\/publicacionespastorales.com.ec\/#organization"},"potentialAction":[{"@type":"SearchAction","target":{"@type":"EntryPoint","urlTemplate":"https:\/\/publicacionespastorales.com.ec\/?s={search_term_string}"},"query-input":{"@type":"PropertyValueSpecification","valueRequired":true,"valueName":"search_term_string"}}],"inLanguage":"es"},{"@type":"Organization","@id":"https:\/\/publicacionespastorales.com.ec\/#organization","name":"Centro Salesiano de Publicaciones Pastorales","url":"https:\/\/publicacionespastorales.com.ec\/","logo":{"@type":"ImageObject","inLanguage":"es","@id":"https:\/\/publicacionespastorales.com.ec\/#\/schema\/logo\/image\/","url":"https:\/\/publicacionespastorales.com.ec\/wp-content\/uploads\/2024\/08\/cropped-cropped-logo-cspp.png","contentUrl":"https:\/\/publicacionespastorales.com.ec\/wp-content\/uploads\/2024\/08\/cropped-cropped-logo-cspp.png","width":243,"height":81,"caption":"Centro Salesiano de Publicaciones Pastorales"},"image":{"@id":"https:\/\/publicacionespastorales.com.ec\/#\/schema\/logo\/image\/"}}]}},"_links":{"self":[{"href":"https:\/\/publicacionespastorales.com.ec\/index.php?rest_route=\/wp\/v2\/product\/2349","targetHints":{"allow":["GET"]}}],"collection":[{"href":"https:\/\/publicacionespastorales.com.ec\/index.php?rest_route=\/wp\/v2\/product"}],"about":[{"href":"https:\/\/publicacionespastorales.com.ec\/index.php?rest_route=\/wp\/v2\/types\/product"}],"replies":[{"embeddable":true,"href":"https:\/\/publicacionespastorales.com.ec\/index.php?rest_route=%2Fwp%2Fv2%2Fcomments&post=2349"}],"version-history":[{"count":0,"href":"https:\/\/publicacionespastorales.com.ec\/index.php?rest_route=\/wp\/v2\/product\/2349\/revisions"}],"wp:featuredmedia":[{"embeddable":true,"href":"https:\/\/publicacionespastorales.com.ec\/index.php?rest_route=\/wp\/v2\/media\/5656"}],"wp:attachment":[{"href":"https:\/\/publicacionespastorales.com.ec\/index.php?rest_route=%2Fwp%2Fv2%2Fmedia&parent=2349"}],"wp:term":[{"taxonomy":"product_brand","embeddable":true,"href":"https:\/\/publicacionespastorales.com.ec\/index.php?rest_route=%2Fwp%2Fv2%2Fproduct_brand&post=2349"},{"taxonomy":"product_cat","embeddable":true,"href":"https:\/\/publicacionespastorales.com.ec\/index.php?rest_route=%2Fwp%2Fv2%2Fproduct_cat&post=2349"},{"taxonomy":"product_tag","embeddable":true,"href":"https:\/\/publicacionespastorales.com.ec\/index.php?rest_route=%2Fwp%2Fv2%2Fproduct_tag&post=2349"}],"curies":[{"name":"wp","href":"https:\/\/api.w.org\/{rel}","templated":true}]}}